{"id":17091,"date":"2022-09-13T14:41:58","date_gmt":"2022-09-13T14:41:58","guid":{"rendered":"https:\/\/localhost\/lesescoles\/?page_id=17091"},"modified":"2022-12-01T09:44:04","modified_gmt":"2022-12-01T09:44:04","slug":"condicions-dus-i-politica-de-privacitat","status":"publish","type":"page","link":"https:\/\/lesescoles.com\/es\/condicions-dus-i-politica-de-privacitat\/","title":{"rendered":"CONDICIONS D\u2019\u00daS I POL\u00cdTICA DE PRIVACITAT"},"content":{"rendered":"<div data-elementor-type=\"wp-page\" data-elementor-id=\"17091\" class=\"elementor elementor-17091\" data-elementor-settings=\"{&quot;ha_cmc_init_switcher&quot;:&quot;no&quot;}\" data-elementor-post-type=\"page\">\n\t\t\t\t\t\t<section class=\"elementor-section elementor-top-section elementor-element elementor-element-37b9fe9 elementor-section-boxed elementor-section-height-default elementor-section-height-default\" data-id=\"37b9fe9\" data-element_type=\"section\" data-e-type=\"section\" data-settings=\"{&quot;background_background&quot;:&quot;classic&quot;,&quot;_ha_eqh_enable&quot;:false}\">\n\t\t\t\t\t\t<div class=\"elementor-container elementor-column-gap-default\">\n\t\t\t\t\t<div class=\"elementor-column elementor-col-100 elementor-top-column elementor-element elementor-element-3e871a2a\" data-id=\"3e871a2a\" data-element_type=\"column\" data-e-type=\"column\">\n\t\t\t<div class=\"elementor-widget-wrap elementor-element-populated\">\n\t\t\t\t\t\t<div class=\"elementor-element elementor-element-a74fd3d elementor-widget elementor-widget-spacer\" data-id=\"a74fd3d\" data-element_type=\"widget\" data-e-type=\"widget\" data-widget_type=\"spacer.default\">\n\t\t\t\t<div class=\"elementor-widget-container\">\n\t\t\t\t\t\t\t<div class=\"elementor-spacer\">\n\t\t\t<div class=\"elementor-spacer-inner\"><\/div>\n\t\t<\/div>\n\t\t\t\t\t\t<\/div>\n\t\t\t\t<\/div>\n\t\t\t\t\t<\/div>\n\t\t<\/div>\n\t\t\t\t\t<\/div>\n\t\t<\/section>\n\t\t\t\t<section class=\"elementor-section elementor-top-section elementor-element elementor-element-b2c6d7b elementor-section-boxed elementor-section-height-default elementor-section-height-default\" data-id=\"b2c6d7b\" data-element_type=\"section\" data-e-type=\"section\" data-settings=\"{&quot;background_background&quot;:&quot;classic&quot;,&quot;_ha_eqh_enable&quot;:false}\">\n\t\t\t\t\t\t<div class=\"elementor-container elementor-column-gap-no\">\n\t\t\t\t\t<div class=\"elementor-column elementor-col-100 elementor-top-column elementor-element elementor-element-621c5141\" data-id=\"621c5141\" data-element_type=\"column\" data-e-type=\"column\">\n\t\t\t<div class=\"elementor-widget-wrap elementor-element-populated\">\n\t\t\t\t\t\t<section class=\"elementor-section elementor-inner-section elementor-element elementor-element-869d7bc elementor-section-full_width elementor-section-height-default elementor-section-height-default\" data-id=\"869d7bc\" data-element_type=\"section\" data-e-type=\"section\" data-settings=\"{&quot;background_background&quot;:&quot;classic&quot;,&quot;_ha_eqh_enable&quot;:false}\">\n\t\t\t\t\t\t<div class=\"elementor-container elementor-column-gap-no\">\n\t\t\t\t\t<div class=\"elementor-column elementor-col-33 elementor-inner-column elementor-element elementor-element-35e0f91c\" data-id=\"35e0f91c\" data-element_type=\"column\" data-e-type=\"column\">\n\t\t\t<div class=\"elementor-widget-wrap\">\n\t\t\t\t\t\t\t<\/div>\n\t\t<\/div>\n\t\t\t\t<div class=\"elementor-column elementor-col-33 elementor-inner-column elementor-element elementor-element-1365081d\" data-id=\"1365081d\" data-element_type=\"column\" data-e-type=\"column\">\n\t\t\t<div class=\"elementor-widget-wrap elementor-element-populated\">\n\t\t\t\t\t\t<section class=\"elementor-section elementor-inner-section elementor-element elementor-element-7fac1b15 elementor-section-full_width elementor-section-height-default elementor-section-height-default\" data-id=\"7fac1b15\" data-element_type=\"section\" data-e-type=\"section\" data-settings=\"{&quot;background_background&quot;:&quot;classic&quot;,&quot;_ha_eqh_enable&quot;:false}\">\n\t\t\t\t\t\t<div class=\"elementor-container elementor-column-gap-no\">\n\t\t\t\t\t<div class=\"elementor-column elementor-col-100 elementor-inner-column elementor-element elementor-element-72469156\" data-id=\"72469156\" data-element_type=\"column\" data-e-type=\"column\">\n\t\t\t<div class=\"elementor-widget-wrap elementor-element-populated\">\n\t\t\t\t\t\t<div class=\"elementor-element elementor-element-4393f9d1 elementor-widget elementor-widget-spacer\" data-id=\"4393f9d1\" data-element_type=\"widget\" data-e-type=\"widget\" data-widget_type=\"spacer.default\">\n\t\t\t\t<div class=\"elementor-widget-container\">\n\t\t\t\t\t\t\t<div class=\"elementor-spacer\">\n\t\t\t<div class=\"elementor-spacer-inner\"><\/div>\n\t\t<\/div>\n\t\t\t\t\t\t<\/div>\n\t\t\t\t<\/div>\n\t\t\t\t\t<\/div>\n\t\t<\/div>\n\t\t\t\t\t<\/div>\n\t\t<\/section>\n\t\t\t\t<div class=\"elementor-element elementor-element-9bf5452 elementor-widget elementor-widget-heading\" data-id=\"9bf5452\" data-element_type=\"widget\" data-e-type=\"widget\" data-widget_type=\"heading.default\">\n\t\t\t\t<div class=\"elementor-widget-container\">\n\t\t\t\t\t<h2 class=\"elementor-heading-title elementor-size-default\">Condicions d'\u00das i Pol\u00edtica de Privacitat<\/h2>\t\t\t\t<\/div>\n\t\t\t\t<\/div>\n\t\t\t\t<div class=\"elementor-element elementor-element-65970f1 elementor-widget elementor-widget-heading\" data-id=\"65970f1\" data-element_type=\"widget\" data-e-type=\"widget\" data-widget_type=\"heading.default\">\n\t\t\t\t<div class=\"elementor-widget-container\">\n\t\t\t\t\t<h2 class=\"elementor-heading-title elementor-size-default\">POL\u00cdTICA DE PRIVACITAT<\/h2>\t\t\t\t<\/div>\n\t\t\t\t<\/div>\n\t\t\t\t<section class=\"elementor-section elementor-inner-section elementor-element elementor-element-26347b85 elementor-section-full_width elementor-section-height-default elementor-section-height-default\" data-id=\"26347b85\" data-element_type=\"section\" data-e-type=\"section\" data-settings=\"{&quot;background_background&quot;:&quot;classic&quot;,&quot;_ha_eqh_enable&quot;:false}\">\n\t\t\t\t\t\t<div class=\"elementor-container elementor-column-gap-no\">\n\t\t\t\t\t<div class=\"elementor-column elementor-col-100 elementor-inner-column elementor-element elementor-element-bc370a3\" data-id=\"bc370a3\" data-element_type=\"column\" data-e-type=\"column\">\n\t\t\t<div class=\"elementor-widget-wrap elementor-element-populated\">\n\t\t\t\t\t\t<div class=\"elementor-element elementor-element-714242f3 elementor-widget elementor-widget-text-editor\" data-id=\"714242f3\" data-element_type=\"widget\" data-e-type=\"widget\" data-widget_type=\"text-editor.default\">\n\t\t\t\t<div class=\"elementor-widget-container\">\n\t\t\t\t\t\t\t\t\t<p>Centre Dental Les Escoles informa als usuaris que respecta la legislaci\u00f3 vigent en mat\u00e8ria de protecci\u00f3 de dades personals, la privadesa dels usuaris i el secret i seguretat de les dades personals, adoptant per a aix\u00f2 les mesures t\u00e8cniques i organitzatives necess\u00e0ries per evitar la p\u00e8rdua, fer \u00fas incorrecte, alteraci\u00f3, acc\u00e9s no autoritzat i robatori de les dades personals facilitades, tenint en compte de l\u2019estat de la tecnologia, la naturalesa de les dades i els riscos als quals estan exposats. Els serveis, acc\u00e9s als continguts i oferta de productes d\u2019aquesta web est\u00e0 exclusivament dirigida a majors de 18 anys, per la qual cosa qualsevol persona que lliuri les seves dades personals, manifesta tenir aquesta edat, quedant prohibit l\u2019\u00fas de www.lesescoles.com i el lliurament de dades personals a persones menors d\u2019edat.<\/p><p>Centre Dental Les Escoles trata sus datos de conformidad con el principio exigido por el Reglamento (UE) 679\/2016 de Protecci\u00f3n de Datos y por el RDL 5\/2018, de 27 de julio, de mesuras urgentes para la adaptaci\u00f3n del Derecho espa\u00f1ol a la normativa de la UE de protecci\u00f3n de datos.<\/p><p>Centre Dental les Escoles es compromet a realitzar els seus m\u00e0xims esfor\u00e7os par complir en tot moment en relaci\u00f3 amb els tractaments de dades que realitzi, amb la legislaci\u00f3 vigent en cada moment en mat\u00e8ria de protecci\u00f3 de dades.<\/p><p><strong>RESPONSABLE DEL TRACTAMENT DE\u00a0 LES DADES<\/strong><\/p><p>En compliment del Reglament (UE) 2016\/679 General de Protecci\u00f3 de Dades, posem en el seu coneixement que el responsable del tractament de les dades que els USUARIS d\u2019aquesta web ens facilitin a trav\u00e9s dels formularis de la web, es la societat:<\/p><p><strong>EGARA QUALIDENT, S.L.U.<\/strong><br \/><em>NIF\u00a0<\/em>\u00a0B-64.926.421<br \/><em>Direcci\u00f3n postal:<\/em>\u00a0Ctra. Castellar 38, 08222 Terrassa (Barcelona)<br \/><em>Direcci\u00f3 electr\u00f2nica:<\/em>\u00a0<a href=\"mailto:rgpd@lesescoles.com\">rgpd@lesescoles.com<\/a><br \/><em>Tel\u00e9fono<\/em>\u00a093.784.28.29<\/p><p><strong>TRATAMIENTO DE LOS DATOS DE LOS USUARIOS DE LOS FORMULARIOS CONTACTAR\u00a0<\/strong><\/p><p><strong>1. Finalidad del Tratamiento de los datos de los usuarios de los formularios contactar:<\/strong><\/p><p>EGARA QUALIDENT, S.L.U. tractar\u00e0 les seves dades amb la finalitat de:<\/p><ul><li>Gestionar i atendre les sollicituds d\u2019informaci\u00f3 i\/o consultes que els usuaris del formulari contactar de la web ens envi\u00efn.<\/li><li>Gestionar l\u2019enviament de la informaci\u00f3 que ens sollicitin i, en els casos que s\u2019escaigui, facilitar-los ofertes dels productes i\/o serveis d\u2019EGARA QUALIDENT dels que ens hagi manifestat el seu inter\u00e8s.<\/li><\/ul><p>QUALIDENT\u00a0 no prendr\u00e0 decisions automatitzades en base al seu perfil.<\/p><p><strong>2. Legitimaci<\/strong><strong>\u00f3 per tractar les dades dels usuaris del formulari contactar: Consentiment del interessat<\/strong><\/p><p>La base legal per al tractament de les seves dades es la obtenci\u00f3 del consentiment del usuari del formulari contactar, consentiment que ens ser\u00e0 prestat en cas i en el moment d\u2019emplenar i enviar-nos el formulari contactar emplenat amb les seves dades.<\/p><p>El simple hecho de enviar un usuario sus datos de car\u00e1cter personal a Centre Dental Les Escoles supondr\u00e1 el consentimiento para su incorporaci\u00f3n al fichero y a su tratamiento.<\/p><p>El usuario garantiza que los datos personales facilitados a Centre Dental Les Escoles son verdaderos y se hace responsable de comunicar cualquier modificaci\u00f3n a los mismos porque, a todo momento responda a su situaci\u00f3n actual.<\/p><p>L\u2019usuari podr\u00e0 revocar el consentiment prestat, sense que tingui efectes retroactius, i exercir els drets d\u2019acc\u00e9s, rectificaci\u00f3, cancel\u00b7laci\u00f3 i oposici\u00f3 dirigint-se mitjan\u00e7ant carta adjuntant el seu DNI o un altre document identificatiu a Centre Dental Les Escoles, Carretera de Castellar, 38, 08222 Terrassa o per e-mail a\u00a0<a href=\"mailto:rgpd@lesescoles.com\">rgpd@lesescoles.com<\/a>.<\/p><p>Si t\u00e9 qualsevol dubte o comentari sobre la forma en qu\u00e8 Centre Dental Les Escoles utilitza les dades dels seus usuaris, escrigui\u2019ns a\u00a0<a href=\"mailto:rgpd@lesescoles.com\">rgpd@lesescoles.com<\/a>.<\/p><p><strong>3. Per\u00ed<\/strong><strong>ode conservaci<\/strong><strong>\u00f3 de les dades dels usuaris del formulari contactar<\/strong><\/p><p>EGARA QUALIDENT, S.L.U. conservar\u00e0 les dades dels usuaris del formulari contactar de forma indefinida en tant en quan no ens sol\u00b7liciti la seva supressi\u00f3.<\/p><p><strong>4. Destinatarios de los datos de los usuarios del formulario contactar<\/strong><\/p><p>Els destinataris de les dades dels usuaris del formulari contactar seran el personal i \u2019Administradora del Centre Dental Les Escoles.<\/p><p>Tambi\u00e9n puede tener acceso a sus datos la empresa encargada de prestar servicios de mantenimiento y desarrollo de la web, que acceder\u00e1 a sus datos como encargado de tratamiento con la sola finalidad de presta los servicios contratados.<\/p><p>Sus datos no se ceder\u00e1 a terceros, excepto cuando exista una obligaci\u00f3n legal.<\/p><p><strong>TRATAMIENTO DE LOS DATOS DE LOS USUARIOS DEL FORMULARIO PARA PEDIR HORA DE VISITA\u00a0\u00a0<\/strong><\/p><p><strong>1. Finalitat del Tractament de les dades dels usuaris del formulari per demanar hora de visita :<\/strong><\/p><p>EGARA QUALIDENT tractar\u00e0 les dades dels usuaris del formulari de sol\u00b7licitud per demanar hora de visita amb la finalitat de:<\/p><ul><li>Gestionar i concertar les sollicituds de visites al centre que els usuaris del formulari de reserves ens envi\u00efn a trav\u00e9s de la web.<\/li><li>Gestionar la programaci\u00f3 de les visites sollicitades i, en els casos que s\u2019escaigui, facilitar-los dies alternatius per poder mantenir la visita interessada.<\/li><\/ul><p>EGARA QUALIDENT no prendr\u00e0 decisions automatitzades en base al seu perfil.<\/p><p><strong>2. Legitimaci<\/strong><strong>\u00f3 per tractar les dades dels sol<\/strong><strong>licitants de visites: Consentiment del interessat<\/strong><\/p><p>La base legal per al tractament de les seves dades es la obtenci\u00f3 del consentiment del usuari del formulari de sol\u00b7licitud de visita, consentiment que ens ser\u00e0 prestat en el moment en que un Usuari empleni i ens envi\u00ef el formulari per demanar hora de visita amb les seves dades i la sol\u00b7licitud del dia i hora de la visita.<\/p><p><strong>3. Per<\/strong><strong>\u00ed<\/strong><strong>ode de conservaci<\/strong><strong>\u00f3 de les dades dels clients sol<\/strong><strong>licitants de visites<\/strong><\/p><p>EGARA QUALIDENT conservar\u00e0 les dades personals dels usuaris del formulari de sol\u00b7licitud de visita de forma indefinida, en tant en quan no ens sol\u00b7liciti la seva supressi\u00f3 i, en qualsevol cas, com a m\u00ednim durant el termini legal necessari per complir amb les nostres obligacions i responsabilitats legals, en relaci\u00f3 amb els serveis prestats.<\/p><p><strong>4. Destinataris als que comunicarem les dades dels sol<\/strong><strong>licitants de visites<\/strong><\/p><p>Los destinatarios de los datos de los solicitantes de las visitas ser\u00e1n personal, la administradora de la empresa y los colaboradores y prestadores de servicios necesarios para cumplir con nuestras obligaciones y con el servicio odontol\u00f3gico que se nos encargue, que solo podr\u00e1n acceder a sus datos con la finalidad de prestar los servicios que EGARA QUALIDENT tenga contratados.<br \/>Sus datos no se ceder\u00e1 a terceros, excepto cuando exista una obligaci\u00f3n legal.<\/p><p><strong>DRETS QUE ELS ASISTEIXEN<\/strong><\/p><p>Finalment, informem als usuaris dels formularis d\u2019aquesta web que si ho desitgen, poden exercir els drets que el RGPD 679\/2016 reconeix a les persones interessades a accedir a les seves dades, a sol\u00b7licitar la rectificaci\u00f3 de les dades inexactes, a oposar-se al tractament de les seves dades en determinades circumstancies, a cancel\u00b7lar el tractament de les seves dades en determinades circumstancies, a sol\u00b7licitar la supressi\u00f3 de les seves dades quan, entre d\u2019altres motius, les dades ja no siguin necess\u00e0ries per a la finalitat per a la que es van recollir, a l\u2019 oblit, a la limitaci\u00f3 del tractament i a la portabilitat de les dades, dirigint-se per escrit a\u00a0<a href=\"mailto:rgpd@lesescoles.com\">rgpd@lesescoles.com<\/a>\u00a0amb copia del seu DNI.<\/p>\t\t\t\t\t\t\t\t<\/div>\n\t\t\t\t<\/div>\n\t\t\t\t\t<\/div>\n\t\t<\/div>\n\t\t\t\t\t<\/div>\n\t\t<\/section>\n\t\t\t\t<section class=\"elementor-section elementor-inner-section elementor-element elementor-element-227abed5 elementor-section-full_width elementor-section-height-default elementor-section-height-default\" data-id=\"227abed5\" data-element_type=\"section\" data-e-type=\"section\" data-settings=\"{&quot;background_background&quot;:&quot;classic&quot;,&quot;_ha_eqh_enable&quot;:false}\">\n\t\t\t\t\t\t<div class=\"elementor-container elementor-column-gap-no\">\n\t\t\t\t\t<div class=\"elementor-column elementor-col-100 elementor-inner-column elementor-element elementor-element-4690be75\" data-id=\"4690be75\" data-element_type=\"column\" data-e-type=\"column\">\n\t\t\t<div class=\"elementor-widget-wrap elementor-element-populated\">\n\t\t\t\t\t\t<div class=\"elementor-element elementor-element-1e9f7d4b elementor-widget elementor-widget-spacer\" data-id=\"1e9f7d4b\" data-element_type=\"widget\" data-e-type=\"widget\" data-widget_type=\"spacer.default\">\n\t\t\t\t<div class=\"elementor-widget-container\">\n\t\t\t\t\t\t\t<div class=\"elementor-spacer\">\n\t\t\t<div class=\"elementor-spacer-inner\"><\/div>\n\t\t<\/div>\n\t\t\t\t\t\t<\/div>\n\t\t\t\t<\/div>\n\t\t\t\t\t<\/div>\n\t\t<\/div>\n\t\t\t\t\t<\/div>\n\t\t<\/section>\n\t\t\t\t<section class=\"elementor-section elementor-inner-section elementor-element elementor-element-d1e22a4 elementor-section-full_width elementor-section-height-default elementor-section-height-default\" data-id=\"d1e22a4\" data-element_type=\"section\" data-e-type=\"section\" data-settings=\"{&quot;background_background&quot;:&quot;classic&quot;,&quot;_ha_eqh_enable&quot;:false}\">\n\t\t\t\t\t\t<div class=\"elementor-container elementor-column-gap-no\">\n\t\t\t\t\t<div class=\"elementor-column elementor-col-100 elementor-inner-column elementor-element elementor-element-2755796\" data-id=\"2755796\" data-element_type=\"column\" data-e-type=\"column\">\n\t\t\t<div class=\"elementor-widget-wrap elementor-element-populated\">\n\t\t\t\t\t\t<section class=\"elementor-section elementor-inner-section elementor-element elementor-element-6d6a2bd1 elementor-section-full_width elementor-section-height-default elementor-section-height-default\" data-id=\"6d6a2bd1\" data-element_type=\"section\" data-e-type=\"section\" data-settings=\"{&quot;_ha_eqh_enable&quot;:false}\">\n\t\t\t\t\t\t<div class=\"elementor-container elementor-column-gap-narrow\">\n\t\t\t\t\t<div class=\"elementor-column elementor-col-50 elementor-inner-column elementor-element elementor-element-5adfa84f\" data-id=\"5adfa84f\" data-element_type=\"column\" data-e-type=\"column\">\n\t\t\t<div class=\"elementor-widget-wrap elementor-element-populated\">\n\t\t\t\t\t\t<div class=\"elementor-element elementor-element-7349b55a elementor-widget-divider--view-line elementor-widget elementor-widget-divider\" data-id=\"7349b55a\" data-element_type=\"widget\" data-e-type=\"widget\" data-widget_type=\"divider.default\">\n\t\t\t\t<div class=\"elementor-widget-container\">\n\t\t\t\t\t\t\t<div class=\"elementor-divider\">\n\t\t\t<span class=\"elementor-divider-separator\">\n\t\t\t\t\t\t<\/span>\n\t\t<\/div>\n\t\t\t\t\t\t<\/div>\n\t\t\t\t<\/div>\n\t\t\t\t\t<\/div>\n\t\t<\/div>\n\t\t\t\t<div class=\"elementor-column elementor-col-50 elementor-inner-column elementor-element elementor-element-2be91e63\" data-id=\"2be91e63\" data-element_type=\"column\" data-e-type=\"column\">\n\t\t\t<div class=\"elementor-widget-wrap elementor-element-populated\">\n\t\t\t\t\t\t<div class=\"elementor-element elementor-element-13408c0f elementor-widget-divider--view-line elementor-widget elementor-widget-divider\" data-id=\"13408c0f\" data-element_type=\"widget\" data-e-type=\"widget\" data-widget_type=\"divider.default\">\n\t\t\t\t<div class=\"elementor-widget-container\">\n\t\t\t\t\t\t\t<div class=\"elementor-divider\">\n\t\t\t<span class=\"elementor-divider-separator\">\n\t\t\t\t\t\t<\/span>\n\t\t<\/div>\n\t\t\t\t\t\t<\/div>\n\t\t\t\t<\/div>\n\t\t\t\t\t<\/div>\n\t\t<\/div>\n\t\t\t\t\t<\/div>\n\t\t<\/section>\n\t\t\t\t<section class=\"elementor-section elementor-inner-section elementor-element elementor-element-449c4b24 elementor-section-full_width elementor-section-height-default elementor-section-height-default\" data-id=\"449c4b24\" data-element_type=\"section\" data-e-type=\"section\" data-settings=\"{&quot;_ha_eqh_enable&quot;:false}\">\n\t\t\t\t\t\t<div class=\"elementor-container elementor-column-gap-narrow\">\n\t\t\t\t\t<div class=\"elementor-column elementor-col-50 elementor-inner-column elementor-element elementor-element-6592a0f8\" data-id=\"6592a0f8\" data-element_type=\"column\" data-e-type=\"column\">\n\t\t\t<div class=\"elementor-widget-wrap elementor-element-populated\">\n\t\t\t\t\t\t<div class=\"elementor-element elementor-element-238a8967 elementor-widget-divider--view-line elementor-widget elementor-widget-divider\" data-id=\"238a8967\" data-element_type=\"widget\" data-e-type=\"widget\" data-widget_type=\"divider.default\">\n\t\t\t\t<div class=\"elementor-widget-container\">\n\t\t\t\t\t\t\t<div class=\"elementor-divider\">\n\t\t\t<span class=\"elementor-divider-separator\">\n\t\t\t\t\t\t<\/span>\n\t\t<\/div>\n\t\t\t\t\t\t<\/div>\n\t\t\t\t<\/div>\n\t\t\t\t\t<\/div>\n\t\t<\/div>\n\t\t\t\t<div class=\"elementor-column elementor-col-50 elementor-inner-column elementor-element elementor-element-35ba01f2\" data-id=\"35ba01f2\" data-element_type=\"column\" data-e-type=\"column\">\n\t\t\t<div class=\"elementor-widget-wrap elementor-element-populated\">\n\t\t\t\t\t\t<div class=\"elementor-element elementor-element-55f09ffe elementor-widget-divider--view-line elementor-widget elementor-widget-divider\" data-id=\"55f09ffe\" data-element_type=\"widget\" data-e-type=\"widget\" data-widget_type=\"divider.default\">\n\t\t\t\t<div class=\"elementor-widget-container\">\n\t\t\t\t\t\t\t<div class=\"elementor-divider\">\n\t\t\t<span class=\"elementor-divider-separator\">\n\t\t\t\t\t\t<\/span>\n\t\t<\/div>\n\t\t\t\t\t\t<\/div>\n\t\t\t\t<\/div>\n\t\t\t\t\t<\/div>\n\t\t<\/div>\n\t\t\t\t\t<\/div>\n\t\t<\/section>\n\t\t\t\t\t<\/div>\n\t\t<\/div>\n\t\t\t\t\t<\/div>\n\t\t<\/section>\n\t\t\t\t\t<\/div>\n\t\t<\/div>\n\t\t\t\t<div class=\"elementor-column elementor-col-33 elementor-inner-column elementor-element elementor-element-78478ffb\" data-id=\"78478ffb\" data-element_type=\"column\" data-e-type=\"column\">\n\t\t\t<div class=\"elementor-widget-wrap\">\n\t\t\t\t\t\t\t<\/div>\n\t\t<\/div>\n\t\t\t\t\t<\/div>\n\t\t<\/section>\n\t\t\t\t\t<\/div>\n\t\t<\/div>\n\t\t\t\t\t<\/div>\n\t\t<\/section>\n\t\t\t\t<section class=\"elementor-section elementor-top-section elementor-element elementor-element-4210ef56 elementor-section-boxed elementor-section-height-default elementor-section-height-default\" data-id=\"4210ef56\" data-element_type=\"section\" data-e-type=\"section\" data-settings=\"{&quot;background_background&quot;:&quot;classic&quot;,&quot;_ha_eqh_enable&quot;:false}\">\n\t\t\t\t\t\t<div class=\"elementor-container elementor-column-gap-default\">\n\t\t\t\t\t<div class=\"elementor-column elementor-col-100 elementor-top-column elementor-element elementor-element-652d97f9\" data-id=\"652d97f9\" data-element_type=\"column\" data-e-type=\"column\">\n\t\t\t<div class=\"elementor-widget-wrap elementor-element-populated\">\n\t\t\t\t\t\t<div class=\"elementor-element elementor-element-7a889ed3 elementor-widget elementor-widget-spacer\" data-id=\"7a889ed3\" data-element_type=\"widget\" data-e-type=\"widget\" data-widget_type=\"spacer.default\">\n\t\t\t\t<div class=\"elementor-widget-container\">\n\t\t\t\t\t\t\t<div class=\"elementor-spacer\">\n\t\t\t<div class=\"elementor-spacer-inner\"><\/div>\n\t\t<\/div>\n\t\t\t\t\t\t<\/div>\n\t\t\t\t<\/div>\n\t\t\t\t\t<\/div>\n\t\t<\/div>\n\t\t\t\t\t<\/div>\n\t\t<\/section>\n\t\t\t\t<\/div>","protected":false},"excerpt":{"rendered":"<p>Condicions d&#8217;\u00das i Pol\u00edtica de Privacitat POL\u00cdTICA DE PRIVACITAT Centre Dental Les Escoles informa als usuaris que respecta la legislaci\u00f3 vigent en mat\u00e8ria de protecci\u00f3 de dades personals, la privadesa dels usuaris i el secret i seguretat de les dades personals, adoptant per a aix\u00f2 les mesures t\u00e8cniques i organitzatives necess\u00e0ries per evitar la p\u00e8rdua, [&hellip;]<\/p>\n","protected":false},"author":1,"featured_media":0,"parent":0,"menu_order":0,"comment_status":"closed","ping_status":"open","template":"","meta":{"site-sidebar-layout":"no-sidebar","site-content-layout":"page-builder","ast-site-content-layout":"default","site-content-style":"default","site-sidebar-style":"default","ast-global-header-display":"","ast-banner-title-visibility":"","ast-main-header-display":"","ast-hfb-above-header-display":"","ast-hfb-below-header-display":"","ast-hfb-mobile-header-display":"","site-post-title":"disabled","ast-breadcrumbs-content":"","ast-featured-img":"disabled","footer-sml-layout":"","ast-disable-related-posts":"","theme-transparent-header-meta":"","adv-header-id-meta":"","stick-header-meta":"","header-above-stick-meta":"","header-main-stick-meta":"","header-below-stick-meta":"","astra-migrate-meta-layouts":"default","ast-page-background-enabled":"default","ast-page-background-meta":{"desktop":{"background-color":"","background-image":"","background-repeat":"repeat","background-position":"center center","background-size":"auto","background-attachment":"scroll","background-type":"","background-media":"","overlay-type":"","overlay-color":"","overlay-opacity":"","overlay-gradient":""},"tablet":{"background-color":"","background-image":"","background-repeat":"repeat","background-position":"center center","background-size":"auto","background-attachment":"scroll","background-type":"","background-media":"","overlay-type":"","overlay-color":"","overlay-opacity":"","overlay-gradient":""},"mobile":{"background-color":"","background-image":"","background-repeat":"repeat","background-position":"center center","background-size":"auto","background-attachment":"scroll","background-type":"","background-media":"","overlay-type":"","overlay-color":"","overlay-opacity":"","overlay-gradient":""}},"ast-content-background-meta":{"desktop":{"background-color":"var(--ast-global-color-5)","background-image":"","background-repeat":"repeat","background-position":"center center","background-size":"auto","background-attachment":"scroll","background-type":"","background-media":"","overlay-type":"","overlay-color":"","overlay-opacity":"","overlay-gradient":""},"tablet":{"background-color":"var(--ast-global-color-5)","background-image":"","background-repeat":"repeat","background-position":"center center","background-size":"auto","background-attachment":"scroll","background-type":"","background-media":"","overlay-type":"","overlay-color":"","overlay-opacity":"","overlay-gradient":""},"mobile":{"background-color":"var(--ast-global-color-5)","background-image":"","background-repeat":"repeat","background-position":"center center","background-size":"auto","background-attachment":"scroll","background-type":"","background-media":"","overlay-type":"","overlay-color":"","overlay-opacity":"","overlay-gradient":""}},"footnotes":""},"class_list":["post-17091","page","type-page","status-publish","hentry"],"_links":{"self":[{"href":"https:\/\/lesescoles.com\/es\/wp-json\/wp\/v2\/pages\/17091","targetHints":{"allow":["GET"]}}],"collection":[{"href":"https:\/\/lesescoles.com\/es\/wp-json\/wp\/v2\/pages"}],"about":[{"href":"https:\/\/lesescoles.com\/es\/wp-json\/wp\/v2\/types\/page"}],"author":[{"embeddable":true,"href":"https:\/\/lesescoles.com\/es\/wp-json\/wp\/v2\/users\/1"}],"replies":[{"embeddable":true,"href":"https:\/\/lesescoles.com\/es\/wp-json\/wp\/v2\/comments?post=17091"}],"version-history":[{"count":14,"href":"https:\/\/lesescoles.com\/es\/wp-json\/wp\/v2\/pages\/17091\/revisions"}],"predecessor-version":[{"id":20723,"href":"https:\/\/lesescoles.com\/es\/wp-json\/wp\/v2\/pages\/17091\/revisions\/20723"}],"wp:attachment":[{"href":"https:\/\/lesescoles.com\/es\/wp-json\/wp\/v2\/media?parent=17091"}],"curies":[{"name":"wp","href":"https:\/\/api.w.org\/{rel}","templated":true}]}}